{"id":235306,"date":"2023-03-23T15:12:21","date_gmt":"2023-03-23T15:12:21","guid":{"rendered":"https:\/\/www.catalog.planimport.hu\/wp\/?post_type=product&#038;p=235306"},"modified":"2023-03-23T15:12:24","modified_gmt":"2023-03-23T15:12:24","slug":"ruhaszarito-kor-2","status":"publish","type":"product","link":"https:\/\/www.catalog.planimport.hu\/wp\/termek\/ruhaszarito-kor-2\/","title":{"rendered":"Ruhasz\u00e1r\u00edt\u00f3 k\u00f6r"},"content":{"rendered":"","protected":false},"excerpt":{"rendered":"<p>A term\u00e9ket egys\u00e9genk\u00e9nt lehet megrendelni. 1 egys\u00e9g 60 db term\u00e9ket tartalmaz.<\/p>\n","protected":false},"featured_media":292,"template":"","meta":{"_et_pb_use_builder":"","_et_pb_old_content":"5","_et_gb_content_width":""},"product_cat":[20,18],"product_tag":[110],"class_list":["post-235306","product","type-product","status-publish","has-post-thumbnail","hentry","product_cat-barkacs-es-kerti-kiegeszitok","product_cat-napi-hasznalati-termekek","product_tag-ruhaszarito"],"_links":{"self":[{"href":"https:\/\/www.catalog.planimport.hu\/wp\/wp-json\/wp\/v2\/product\/235306","targetHints":{"allow":["GET"]}}],"collection":[{"href":"https:\/\/www.catalog.planimport.hu\/wp\/wp-json\/wp\/v2\/product"}],"about":[{"href":"https:\/\/www.catalog.planimport.hu\/wp\/wp-json\/wp\/v2\/types\/product"}],"wp:featuredmedia":[{"embeddable":true,"href":"https:\/\/www.catalog.planimport.hu\/wp\/wp-json\/wp\/v2\/media\/292"}],"wp:attachment":[{"href":"https:\/\/www.catalog.planimport.hu\/wp\/wp-json\/wp\/v2\/media?parent=235306"}],"wp:term":[{"taxonomy":"product_cat","embeddable":true,"href":"https:\/\/www.catalog.planimport.hu\/wp\/wp-json\/wp\/v2\/product_cat?post=235306"},{"taxonomy":"product_tag","embeddable":true,"href":"https:\/\/www.catalog.planimport.hu\/wp\/wp-json\/wp\/v2\/product_tag?post=235306"}],"curies":[{"name":"wp","href":"https:\/\/api.w.org\/{rel}","templated":true}]}}