{"id":235298,"date":"2023-03-23T15:12:20","date_gmt":"2023-03-23T15:12:20","guid":{"rendered":"https:\/\/www.catalog.planimport.hu\/wp\/?post_type=product&#038;p=235298"},"modified":"2023-03-23T15:12:23","modified_gmt":"2023-03-23T15:12:23","slug":"patkanyfogo-fem-16x87-2","status":"publish","type":"product","link":"https:\/\/www.catalog.planimport.hu\/wp\/termek\/patkanyfogo-fem-16x87-2\/","title":{"rendered":"Patk\u00e1nyfog\u00f3 f\u00e9m &#8211; 16&#215;8,7"},"content":{"rendered":"","protected":false},"excerpt":{"rendered":"<p>A term\u00e9ket egys\u00e9genk\u00e9nt lehet megrendelni. 1 egys\u00e9g 120 db term\u00e9ket tartalmaz.<\/p>\n","protected":false},"featured_media":284,"template":"","meta":{"_et_pb_use_builder":"","_et_pb_old_content":"5","_et_gb_content_width":""},"product_cat":[38],"product_tag":[39,98,101,102],"class_list":["post-235298","product","type-product","status-publish","has-post-thumbnail","hentry","product_cat-ragcsalo-es-rovarirto-eszkozok","product_tag-csapda","product_tag-fem","product_tag-patkany","product_tag-patkanyfogo"],"_links":{"self":[{"href":"https:\/\/www.catalog.planimport.hu\/wp\/wp-json\/wp\/v2\/product\/235298","targetHints":{"allow":["GET"]}}],"collection":[{"href":"https:\/\/www.catalog.planimport.hu\/wp\/wp-json\/wp\/v2\/product"}],"about":[{"href":"https:\/\/www.catalog.planimport.hu\/wp\/wp-json\/wp\/v2\/types\/product"}],"wp:featuredmedia":[{"embeddable":true,"href":"https:\/\/www.catalog.planimport.hu\/wp\/wp-json\/wp\/v2\/media\/284"}],"wp:attachment":[{"href":"https:\/\/www.catalog.planimport.hu\/wp\/wp-json\/wp\/v2\/media?parent=235298"}],"wp:term":[{"taxonomy":"product_cat","embeddable":true,"href":"https:\/\/www.catalog.planimport.hu\/wp\/wp-json\/wp\/v2\/product_cat?post=235298"},{"taxonomy":"product_tag","embeddable":true,"href":"https:\/\/www.catalog.planimport.hu\/wp\/wp-json\/wp\/v2\/product_tag?post=235298"}],"curies":[{"name":"wp","href":"https:\/\/api.w.org\/{rel}","templated":true}]}}