{"id":235282,"date":"2023-03-23T15:12:14","date_gmt":"2023-03-23T15:12:14","guid":{"rendered":"https:\/\/www.catalog.planimport.hu\/wp\/?post_type=product&#038;p=235282"},"modified":"2023-03-23T15:12:17","modified_gmt":"2023-03-23T15:12:17","slug":"koromkefe-2","status":"publish","type":"product","link":"https:\/\/www.catalog.planimport.hu\/wp\/termek\/koromkefe-2\/","title":{"rendered":"K\u00f6r\u00f6mkefe"},"content":{"rendered":"","protected":false},"excerpt":{"rendered":"<p>A term\u00e9ket egys\u00e9genk\u00e9nt lehet megrendelni. 1 egys\u00e9g 60 db term\u00e9ket tartalmaz.<\/p>\n","protected":false},"featured_media":256,"template":"","meta":{"_et_pb_use_builder":"","_et_pb_old_content":"5","_et_gb_content_width":""},"product_cat":[18,42],"product_tag":[84],"class_list":["post-235282","product","type-product","status-publish","has-post-thumbnail","hentry","product_cat-napi-hasznalati-termekek","product_cat-szepsegapolasi-kiegeszitok","product_tag-koromkefe"],"_links":{"self":[{"href":"https:\/\/www.catalog.planimport.hu\/wp\/wp-json\/wp\/v2\/product\/235282","targetHints":{"allow":["GET"]}}],"collection":[{"href":"https:\/\/www.catalog.planimport.hu\/wp\/wp-json\/wp\/v2\/product"}],"about":[{"href":"https:\/\/www.catalog.planimport.hu\/wp\/wp-json\/wp\/v2\/types\/product"}],"wp:featuredmedia":[{"embeddable":true,"href":"https:\/\/www.catalog.planimport.hu\/wp\/wp-json\/wp\/v2\/media\/256"}],"wp:attachment":[{"href":"https:\/\/www.catalog.planimport.hu\/wp\/wp-json\/wp\/v2\/media?parent=235282"}],"wp:term":[{"taxonomy":"product_cat","embeddable":true,"href":"https:\/\/www.catalog.planimport.hu\/wp\/wp-json\/wp\/v2\/product_cat?post=235282"},{"taxonomy":"product_tag","embeddable":true,"href":"https:\/\/www.catalog.planimport.hu\/wp\/wp-json\/wp\/v2\/product_tag?post=235282"}],"curies":[{"name":"wp","href":"https:\/\/api.w.org\/{rel}","templated":true}]}}