{"id":235236,"date":"2023-03-23T15:12:05","date_gmt":"2023-03-23T15:12:05","guid":{"rendered":"https:\/\/www.catalog.planimport.hu\/wp\/?post_type=product&#038;p=235236"},"modified":"2023-03-23T15:12:08","modified_gmt":"2023-03-23T15:12:08","slug":"martott-kesztyu-9-es-meret-2","status":"publish","type":"product","link":"https:\/\/www.catalog.planimport.hu\/wp\/termek\/martott-kesztyu-9-es-meret-2\/","title":{"rendered":"M\u00e1rtott keszty\u0171 9-es m\u00e9ret"},"content":{"rendered":"","protected":false},"excerpt":{"rendered":"<p>A term\u00e9ket egys\u00e9genk\u00e9nt lehet megrendelni. 1 egys\u00e9g 300 db term\u00e9ket tartalmaz.<\/p>\n","protected":false},"featured_media":165,"template":"","meta":{"_et_pb_use_builder":"","_et_pb_old_content":"5","_et_gb_content_width":""},"product_cat":[20],"product_tag":[34,35],"class_list":["post-235236","product","type-product","status-publish","has-post-thumbnail","hentry","product_cat-barkacs-es-kerti-kiegeszitok","product_tag-kesztyu","product_tag-martott"],"_links":{"self":[{"href":"https:\/\/www.catalog.planimport.hu\/wp\/wp-json\/wp\/v2\/product\/235236","targetHints":{"allow":["GET"]}}],"collection":[{"href":"https:\/\/www.catalog.planimport.hu\/wp\/wp-json\/wp\/v2\/product"}],"about":[{"href":"https:\/\/www.catalog.planimport.hu\/wp\/wp-json\/wp\/v2\/types\/product"}],"wp:featuredmedia":[{"embeddable":true,"href":"https:\/\/www.catalog.planimport.hu\/wp\/wp-json\/wp\/v2\/media\/165"}],"wp:attachment":[{"href":"https:\/\/www.catalog.planimport.hu\/wp\/wp-json\/wp\/v2\/media?parent=235236"}],"wp:term":[{"taxonomy":"product_cat","embeddable":true,"href":"https:\/\/www.catalog.planimport.hu\/wp\/wp-json\/wp\/v2\/product_cat?post=235236"},{"taxonomy":"product_tag","embeddable":true,"href":"https:\/\/www.catalog.planimport.hu\/wp\/wp-json\/wp\/v2\/product_tag?post=235236"}],"curies":[{"name":"wp","href":"https:\/\/api.w.org\/{rel}","templated":true}]}}