{"id":235231,"date":"2023-03-23T15:12:04","date_gmt":"2023-03-23T15:12:04","guid":{"rendered":"https:\/\/www.catalog.planimport.hu\/wp\/?post_type=product&#038;p=235231"},"modified":"2023-06-14T11:13:32","modified_gmt":"2023-06-14T11:13:32","slug":"gumilabda-22-cm-2","status":"publish","type":"product","link":"https:\/\/www.catalog.planimport.hu\/wp\/termek\/gumilabda-22-cm-2\/","title":{"rendered":"Gumilabda 22 cm"},"content":{"rendered":"","protected":false},"excerpt":{"rendered":"<p>A term\u00e9ket egys\u00e9genk\u00e9nt lehet megrendelni.<br \/>\n1 egys\u00e9g 500 db term\u00e9ket tartalmaz.<\/p>\n","protected":false},"featured_media":235380,"template":"","meta":{"_et_pb_use_builder":"","_et_pb_old_content":"5","_et_gb_content_width":""},"product_cat":[22],"product_tag":[25,24],"class_list":["post-235231","product","type-product","status-publish","has-post-thumbnail","hentry","product_cat-party-kellekek-jatek","product_tag-gumi","product_tag-labda"],"_links":{"self":[{"href":"https:\/\/www.catalog.planimport.hu\/wp\/wp-json\/wp\/v2\/product\/235231","targetHints":{"allow":["GET"]}}],"collection":[{"href":"https:\/\/www.catalog.planimport.hu\/wp\/wp-json\/wp\/v2\/product"}],"about":[{"href":"https:\/\/www.catalog.planimport.hu\/wp\/wp-json\/wp\/v2\/types\/product"}],"wp:featuredmedia":[{"embeddable":true,"href":"https:\/\/www.catalog.planimport.hu\/wp\/wp-json\/wp\/v2\/media\/235380"}],"wp:attachment":[{"href":"https:\/\/www.catalog.planimport.hu\/wp\/wp-json\/wp\/v2\/media?parent=235231"}],"wp:term":[{"taxonomy":"product_cat","embeddable":true,"href":"https:\/\/www.catalog.planimport.hu\/wp\/wp-json\/wp\/v2\/product_cat?post=235231"},{"taxonomy":"product_tag","embeddable":true,"href":"https:\/\/www.catalog.planimport.hu\/wp\/wp-json\/wp\/v2\/product_tag?post=235231"}],"curies":[{"name":"wp","href":"https:\/\/api.w.org\/{rel}","templated":true}]}}